{"id":2230,"date":"2025-10-09T15:07:09","date_gmt":"2025-10-09T12:07:09","guid":{"rendered":"https:\/\/iatrolingua.eu\/poioi-eimaste\/"},"modified":"2025-10-31T16:41:50","modified_gmt":"2025-10-31T13:41:50","slug":"wer-wir-sind","status":"publish","type":"page","link":"https:\/\/iatrolingua.eu\/de\/wer-wir-sind\/","title":{"rendered":"Wer wir sind"},"content":{"rendered":"\t\t<div data-elementor-type=\"wp-page\" data-elementor-id=\"2230\" class=\"elementor elementor-2230 elementor-1743\" data-elementor-post-type=\"page\">\n\t\t\t\t<div class=\"elementor-element elementor-element-155721a1 e-flex e-con-boxed e-con e-parent\" data-id=\"155721a1\" data-element_type=\"container\" data-settings=\"{&quot;background_background&quot;:&quot;gradient&quot;,&quot;shape_divider_bottom&quot;:&quot;curve&quot;}\">\n\t\t\t\t\t<div class=\"e-con-inner\">\n\t\t\t\t<div class=\"elementor-shape elementor-shape-bottom\" aria-hidden=\"true\" data-negative=\"false\">\n\t\t\t<svg xmlns=\"http:\/\/www.w3.org\/2000\/svg\" viewBox=\"0 0 1000 100\" preserveAspectRatio=\"none\">\n    <path class=\"elementor-shape-fill\" d=\"M1000,4.3V0H0v4.3C0.9,23.1,126.7,99.2,500,100S1000,22.7,1000,4.3z\"\/>\n<\/svg>\t\t<\/div>\n\t\t\t\t<div class=\"elementor-element elementor-element-48261d0e animated-slow elementor-invisible elementor-widget elementor-widget-heading\" data-id=\"48261d0e\" data-element_type=\"widget\" data-settings=\"{&quot;_animation&quot;:&quot;fadeInUp&quot;,&quot;_animation_tablet&quot;:&quot;none&quot;}\" data-widget_type=\"heading.default\">\n\t\t\t\t\t<h1 class=\"elementor-heading-title elementor-size-default\">Wer wir sind<\/h1>\t\t\t\t<\/div>\n\t\t\t\t\t<\/div>\n\t\t\t\t<\/div>\n\t\t<div class=\"elementor-element elementor-element-46d62073 e-flex e-con-boxed e-con e-parent\" data-id=\"46d62073\" data-element_type=\"container\" data-settings=\"{&quot;background_background&quot;:&quot;classic&quot;}\">\n\t\t\t\t\t<div class=\"e-con-inner\">\n\t\t\t\t<div class=\"elementor-element elementor-element-13521414 elementor-widget__width-inherit animated-slow elementor-invisible elementor-widget elementor-widget-text-editor\" data-id=\"13521414\" data-element_type=\"widget\" data-settings=\"{&quot;_animation&quot;:&quot;fadeIn&quot;,&quot;_animation_delay&quot;:250,&quot;_animation_tablet&quot;:&quot;none&quot;}\" data-widget_type=\"text-editor.default\">\n\t\t\t\t\t\t\t\t\t<p data-start=\"663\" data-end=\"1144\">Aufgrund unserer langj\u00e4hrigen Erfahrung als Dozentinnen und Dozenten f\u00fcr internationale \u00c4rztinnen und \u00c4rzte, Medizinstudierende sowie medizinisches Fachpersonal in den Bereichen <em data-start=\"856\" data-end=\"885\">\u201emedizinische Terminologie\u201c<\/em> und <em data-start=\"890\" data-end=\"918\">\u201eDeutsch als Fremdsprache\u201c<\/em> an verschiedenen deutschen und griechischen Universit\u00e4ten sowie Bildungseinrichtungen haben wir einen \u00e4u\u00dferst erfolgreichen, effizienten und praxisorientierten Vorbereitungskurs auf die Fachsprachenpr\u00fcfung (FSP) entwickelt.<\/p><p data-start=\"1146\" data-end=\"1415\">Die Zusammenarbeit einer erfahrenen Sprachdozentin mit einem klinisch t\u00e4tigen Arzt stellt ein besonderes Qualit\u00e4tsmerkmal in diesem Bereich dar und bietet den Teilnehmenden ein breites Spektrum an individuell abgestimmten Lernm\u00f6glichkeiten innerhalb der Kursstruktur.<\/p>\t\t\t\t\t\t\t\t<\/div>\n\t\t<div class=\"elementor-element elementor-element-4152d029 e-flex e-con-boxed e-con e-child\" data-id=\"4152d029\" data-element_type=\"container\">\n\t\t\t\t\t<div class=\"e-con-inner\">\n\t\t<div class=\"elementor-element elementor-element-5109ff0b e-con-full animated-slow e-flex elementor-invisible e-con e-child\" data-id=\"5109ff0b\" data-element_type=\"container\" data-settings=\"{&quot;background_background&quot;:&quot;classic&quot;,&quot;animation&quot;:&quot;fadeInLeft&quot;,&quot;animation_tablet&quot;:&quot;none&quot;}\">\n\t\t\t\t<div class=\"elementor-element elementor-element-7b6e99f0 elementor-widget elementor-widget-elementskit-team\" data-id=\"7b6e99f0\" data-element_type=\"widget\" data-widget_type=\"elementskit-team.default\">\n\t\t\t\t<div class=\"elementor-widget-container\">\n\t\t\t\t\t<div class=\"ekit-wid-con\">\n\t\t\t\t\t\t\t\t\t\t\t\t\t\t\t\t\t\t\t\t\t\t\t\t<div class=\"profile-image-card elementor-animation- ekit-team-img ekit-team-style-overlay text-center\">\n\n\t\t\t\t\t\t\t\t\t\t\t\t\t<img fetchpriority=\"high\" decoding=\"async\" width=\"977\" height=\"977\" src=\"https:\/\/iatrolingua.eu\/wp-content\/uploads\/2025\/09\/Stavroula-Bewerbungsfoto-11.jpg\" class=\"attachment-full size-full wp-image-856\" alt=\"\" srcset=\"https:\/\/iatrolingua.eu\/wp-content\/uploads\/2025\/09\/Stavroula-Bewerbungsfoto-11.jpg 977w, https:\/\/iatrolingua.eu\/wp-content\/uploads\/2025\/09\/Stavroula-Bewerbungsfoto-11-300x300.jpg 300w, https:\/\/iatrolingua.eu\/wp-content\/uploads\/2025\/09\/Stavroula-Bewerbungsfoto-11-150x150.jpg 150w, https:\/\/iatrolingua.eu\/wp-content\/uploads\/2025\/09\/Stavroula-Bewerbungsfoto-11-768x768.jpg 768w, https:\/\/iatrolingua.eu\/wp-content\/uploads\/2025\/09\/Stavroula-Bewerbungsfoto-11-650x650.jpg 650w\" sizes=\"(max-width: 977px) 100vw, 977px\" \/>\t\t\t\t\t\t\t\t\t\t\t\t<div class=\"hover-area\">\n\t\t\t\t\t\t\t<div class=\"profile-body\">\n\t\t\t\t\t\t\t\t<h2 class=\"profile-title\">\n\t\t\t\t\t\t\t\t\t\t\t\t\t\t\t\t\t\t\t\t\t\t\t\t\t\t\t\t\t\t\t\t\t<\/h2>\n\t\t\t\t\t\t\t\t<p class=\"profile-designation\"><\/p>\n\t\t\t\t\t\t\t\t\t\t\t\t\t\t\t<\/div>\n\t\t\t\t\t\t\t\t\t\t\t\t\t<\/div>\n\t\t\t\t\t<\/div>\n\t\t\t\t\t\n\t\t\t\t\n\t\t\t\t<\/div>\t\t\t\t<\/div>\n\t\t\t\t<\/div>\n\t\t\t\t<div class=\"elementor-element elementor-element-6131eca7 elementor-widget elementor-widget-icon-box\" data-id=\"6131eca7\" data-element_type=\"widget\" data-widget_type=\"icon-box.default\">\n\t\t\t\t\t\t\t<div class=\"elementor-icon-box-wrapper\">\n\n\t\t\t\n\t\t\t\t\t\t<div class=\"elementor-icon-box-content\">\n\n\t\t\t\t\t\t\t\t\t<h4 class=\"elementor-icon-box-title\">\n\t\t\t\t\t\t<span  >\n\t\t\t\t\t\t\tStavroula Eleftheriadou, MA\t\t\t\t\t\t<\/span>\n\t\t\t\t\t<\/h4>\n\t\t\t\t\n\t\t\t\t\n\t\t\t<\/div>\n\t\t\t\n\t\t<\/div>\n\t\t\t\t\t\t<\/div>\n\t\t\t\t<div class=\"elementor-element elementor-element-5c1b186 elementor-align-center elementor-widget elementor-widget-button\" data-id=\"5c1b186\" data-element_type=\"widget\" data-widget_type=\"button.default\">\n\t\t\t\t\t\t\t\t\t\t<a class=\"elementor-button elementor-button-link elementor-size-sm\" href=\"\/wp-content\/uploads\/2025\/10\/CV-Stavroula-Eleftheriadou.pdf\" target=\"_blank\">\n\t\t\t\t\t\t<span class=\"elementor-button-content-wrapper\">\n\t\t\t\t\t\t\t\t\t<span class=\"elementor-button-text\">Lebenslauf<\/span>\n\t\t\t\t\t<\/span>\n\t\t\t\t\t<\/a>\n\t\t\t\t\t\t\t\t<\/div>\n\t\t\t\t<\/div>\n\t\t<div class=\"elementor-element elementor-element-4e5f0604 e-con-full animated-slow e-flex elementor-invisible e-con e-child\" data-id=\"4e5f0604\" data-element_type=\"container\" data-settings=\"{&quot;background_background&quot;:&quot;classic&quot;,&quot;animation&quot;:&quot;fadeInRight&quot;,&quot;animation_tablet&quot;:&quot;none&quot;}\">\n\t\t\t\t<div class=\"elementor-element elementor-element-4c2a88b1 elementor-widget elementor-widget-elementskit-team\" data-id=\"4c2a88b1\" data-element_type=\"widget\" data-widget_type=\"elementskit-team.default\">\n\t\t\t\t<div class=\"elementor-widget-container\">\n\t\t\t\t\t<div class=\"ekit-wid-con\">\n\t\t\t\t\t\t\t\t\t\t\t\t\t\t\t\t\t\t\t\t\t\t\t\t<div class=\"profile-image-card elementor-animation- ekit-team-img ekit-team-style-overlay text-center\">\n\n\t\t\t\t\t\t\t\t\t\t\t\t\t<img decoding=\"async\" width=\"977\" height=\"977\" src=\"https:\/\/iatrolingua.eu\/wp-content\/uploads\/2025\/09\/image01.jpg\" class=\"attachment-full size-full wp-image-857\" alt=\"\" srcset=\"https:\/\/iatrolingua.eu\/wp-content\/uploads\/2025\/09\/image01.jpg 977w, https:\/\/iatrolingua.eu\/wp-content\/uploads\/2025\/09\/image01-300x300.jpg 300w, https:\/\/iatrolingua.eu\/wp-content\/uploads\/2025\/09\/image01-150x150.jpg 150w, https:\/\/iatrolingua.eu\/wp-content\/uploads\/2025\/09\/image01-768x768.jpg 768w, https:\/\/iatrolingua.eu\/wp-content\/uploads\/2025\/09\/image01-650x650.jpg 650w\" sizes=\"(max-width: 977px) 100vw, 977px\" \/>\t\t\t\t\t\t\t\t\t\t\t\t<div class=\"hover-area\">\n\t\t\t\t\t\t\t<div class=\"profile-body\">\n\t\t\t\t\t\t\t\t<h2 class=\"profile-title\">\n\t\t\t\t\t\t\t\t\t\t\t\t\t\t\t\t\t\t\t\t\t\t\t\t\t\t\t\t\t\t\t\t\t<\/h2>\n\t\t\t\t\t\t\t\t<p class=\"profile-designation\"><\/p>\n\t\t\t\t\t\t\t\t\t\t\t\t\t\t\t<\/div>\n\t\t\t\t\t\t\t\t\t\t\t\t\t<\/div>\n\t\t\t\t\t<\/div>\n\t\t\t\t\t\n\t\t\t\t\n\t\t\t\t<\/div>\t\t\t\t<\/div>\n\t\t\t\t<\/div>\n\t\t\t\t<div class=\"elementor-element elementor-element-3d15ca48 elementor-widget elementor-widget-icon-box\" data-id=\"3d15ca48\" data-element_type=\"widget\" data-widget_type=\"icon-box.default\">\n\t\t\t\t\t\t\t<div class=\"elementor-icon-box-wrapper\">\n\n\t\t\t\n\t\t\t\t\t\t<div class=\"elementor-icon-box-content\">\n\n\t\t\t\t\t\t\t\t\t<h4 class=\"elementor-icon-box-title\">\n\t\t\t\t\t\t<span  >\n\t\t\t\t\t\t\tAndreas Faltlhauser, Ass. Prof. MD\t\t\t\t\t\t<\/span>\n\t\t\t\t\t<\/h4>\n\t\t\t\t\n\t\t\t\t\n\t\t\t<\/div>\n\t\t\t\n\t\t<\/div>\n\t\t\t\t\t\t<\/div>\n\t\t\t\t<div class=\"elementor-element elementor-element-a1b1ad8 elementor-align-center elementor-widget elementor-widget-button\" data-id=\"a1b1ad8\" data-element_type=\"widget\" data-widget_type=\"button.default\">\n\t\t\t\t\t\t\t\t\t\t<a class=\"elementor-button elementor-button-link elementor-size-sm\" href=\"\/wp-content\/uploads\/2025\/10\/CV-Andreas-Faltlhauser.pdf\" target=\"_blank\">\n\t\t\t\t\t\t<span class=\"elementor-button-content-wrapper\">\n\t\t\t\t\t\t\t\t\t<span class=\"elementor-button-text\">Lebenslauf<\/span>\n\t\t\t\t\t<\/span>\n\t\t\t\t\t<\/a>\n\t\t\t\t\t\t\t\t<\/div>\n\t\t\t\t<\/div>\n\t\t\t\t\t<\/div>\n\t\t\t\t<\/div>\n\t\t\t\t\t<\/div>\n\t\t\t\t<\/div>\n\t\t\t\t<\/div>\n\t\t","protected":false},"excerpt":{"rendered":"<p>Aufgrund unserer langj\u00e4hrigen Erfahrung als Dozentinnen und Dozenten f\u00fcr internationale \u00c4rztinnen und \u00c4rzte, Medizinstudierende sowie medizinisches Fachpersonal in den Bereichen \u201emedizinische Terminologie\u201c und \u201eDeutsch als Fremdsprache\u201c an verschiedenen deutschen und griechischen Universit\u00e4ten sowie Bildungseinrichtungen haben wir einen \u00e4u\u00dferst erfolgreichen, effizienten und praxisorientierten Vorbereitungskurs auf die Fachsprachenpr\u00fcfung (FSP) entwickelt. Die Zusammenarbeit einer erfahrenen Sprachdozentin mit einem [&hellip;]<\/p>\n","protected":false},"author":1,"featured_media":0,"parent":0,"menu_order":0,"comment_status":"closed","ping_status":"closed","template":"elementor_header_footer","meta":{"footnotes":""},"class_list":["post-2230","page","type-page","status-publish","hentry"],"_links":{"self":[{"href":"https:\/\/iatrolingua.eu\/de\/wp-json\/wp\/v2\/pages\/2230","targetHints":{"allow":["GET"]}}],"collection":[{"href":"https:\/\/iatrolingua.eu\/de\/wp-json\/wp\/v2\/pages"}],"about":[{"href":"https:\/\/iatrolingua.eu\/de\/wp-json\/wp\/v2\/types\/page"}],"author":[{"embeddable":true,"href":"https:\/\/iatrolingua.eu\/de\/wp-json\/wp\/v2\/users\/1"}],"replies":[{"embeddable":true,"href":"https:\/\/iatrolingua.eu\/de\/wp-json\/wp\/v2\/comments?post=2230"}],"version-history":[{"count":5,"href":"https:\/\/iatrolingua.eu\/de\/wp-json\/wp\/v2\/pages\/2230\/revisions"}],"predecessor-version":[{"id":2236,"href":"https:\/\/iatrolingua.eu\/de\/wp-json\/wp\/v2\/pages\/2230\/revisions\/2236"}],"wp:attachment":[{"href":"https:\/\/iatrolingua.eu\/de\/wp-json\/wp\/v2\/media?parent=2230"}],"curies":[{"name":"wp","href":"https:\/\/api.w.org\/{rel}","templated":true}]}}